{"id":2644,"date":"2022-07-10T10:39:27","date_gmt":"2022-07-10T08:39:27","guid":{"rendered":"https:\/\/shadowin.pl\/dystrybutorzy\/"},"modified":"2024-01-17T17:16:22","modified_gmt":"2024-01-17T16:16:22","slug":"distributors","status":"publish","type":"page","link":"https:\/\/shadowin.pl\/en\/distributors\/","title":{"rendered":"Distributors"},"content":{"rendered":"\r\n<figure class=\"wp-block-image size-full\"><img loading=\"lazy\" decoding=\"async\" width=\"450\" height=\"167\" class=\"wp-image-611\" src=\"https:\/\/shadowin.pl\/wp-content\/uploads\/2022\/09\/nica-design.png\" alt=\"\" srcset=\"https:\/\/shadowin.pl\/wp-content\/uploads\/2022\/09\/nica-design.png 450w, https:\/\/shadowin.pl\/wp-content\/uploads\/2022\/09\/nica-design-300x111.png 300w\" sizes=\"auto, (max-width: 450px) 100vw, 450px\" \/><\/figure>\r\n\r\n\r\n\r\n<div class=\"wp-block-spacer\" style=\"height: 15px;\" aria-hidden=\"true\">\u00a0<\/div>\r\n\r\n\r\n\r\n<p><strong>KIELCE<\/strong>, ul. Ksi\u0119dza Piotra \u015aciegiennego 255A<\/p>\r\n\r\n\r\n\r\n<p style=\"font-style: normal; font-weight: 400;\"><a href=\"tel:+48662222555\" target=\"_blank\" rel=\"noreferrer noopener\">+48 662 222 555<\/a><br \/><a href=\"tel:+48413400630\" target=\"_blank\" rel=\"noreferrer noopener\">+48 41 34 00 630<\/a><br \/><a href=\"mailto:nica.design@shadowin.pl\" target=\"_blank\" rel=\"noreferrer noopener\">nica.design@shadowin.pl<\/a><\/p>\r\n\r\n\r\n\r\n<p style=\"font-style: normal; font-weight: 400;\">\u00a0<\/p>\r\n\r\n\r\n\r\n\r\n\r\n<div class=\"wp-block-spacer\" style=\"height: 60px;\" aria-hidden=\"true\">\u00a0<\/div>\r\n\r\n\r\n\r\n<h3 class=\"wp-block-heading\">Artur Cz\u0142onkowski<\/h3>\r\n\r\n\r\n\r\n<p><strong>J\u0118DRZEJ\u00d3W<\/strong> 28-300, ul. Jasionka 56,<br \/><strong>S\u0118DZISZ\u00d3W<\/strong> 28-340, ul. Przemys\u0142owa 1<br \/><strong>PI\u0143CZ\u00d3W<\/strong> 28-400, ul. Batalion\u00f3w Ch\u0142opskich 35<\/p>\r\n\r\n\r\n\r\n<p class=\"has-text-align-left\" style=\"font-style: normal; font-weight: 400;\"><a href=\"tel:+48662222555\" target=\"_blank\" rel=\"noreferrer noopener\">+48 662 222 555<\/a><br \/><a href=\"tel:+48413400630\" target=\"_blank\" rel=\"noreferrer noopener\">+48 41 34 00 630<\/a><br \/><a href=\"mailto:artur.czlonkowski@shadowin.pl\" target=\"_blank\" rel=\"noreferrer noopener\">artur.czlonkowski@shadowin.pl<\/a><\/p>\r\n\r\n\r\n\r\n<p style=\"font-style: normal; font-weight: 400;\">\u00a0<\/p>\r\n\r\n\r\n\r\n<div class=\"wp-block-spacer\" style=\"height: 100px;\" aria-hidden=\"true\">\u00a0<\/div>\r\n\r\n\r\n\r\n<figure class=\"wp-block-image size-full is-resized\"><img loading=\"lazy\" decoding=\"async\" class=\"wp-image-2440\" style=\"width: 364px; height: 63px;\" src=\"https:\/\/shadowin.pl\/wp-content\/uploads\/2023\/04\/5_White_logo_on_black_1024-23-01-1.png\" alt=\"\" width=\"364\" height=\"63\" srcset=\"https:\/\/shadowin.pl\/wp-content\/uploads\/2023\/04\/5_White_logo_on_black_1024-23-01-1.png 755w, https:\/\/shadowin.pl\/wp-content\/uploads\/2023\/04\/5_White_logo_on_black_1024-23-01-1-300x52.png 300w\" sizes=\"auto, (max-width: 364px) 100vw, 364px\" \/><\/figure>\r\n\r\n\r\n\r\n<p><strong>BIELICHA<\/strong>, 26-600, ul. \u017burawia 8<\/p>\r\n\r\n\r\n\r\n<p style=\"font-style: normal; font-weight: 400;\">+48 791 523 882<br \/><a href=\"tel:+48413400630\" target=\"_blank\" rel=\"noreferrer noopener\">gizamet@shadowin.pl<\/a><\/p>\r\n\r\n\r\n\r\n<p style=\"font-style: normal; font-weight: 400;\">\u00a0<\/p>\r\n\r\n\r\n\r\n<div class=\"wp-block-spacer\" style=\"height: 60px;\" aria-hidden=\"true\">\u00a0<\/div>\r\n\r\n\r\n\r\n<h3 class=\"wp-block-heading\">F.H.U. AWM Anna W\u00f3jcik-Ma\u0144ka<\/h3>\r\n\r\n\r\n\r\n<p><strong>BILCZA<\/strong> 28-300, ul. Kielecka 37,<br \/><a href=\"tel:+48662222555\" target=\"_blank\" rel=\"noreferrer noopener\">+48 662 222 555<\/a><br \/><a href=\"tel:+48413400630\" target=\"_blank\" rel=\"noreferrer noopener\">+48 41 34 00 630<\/a><br \/><a href=\"mailto:nica.design@shadowin.pl\" target=\"_blank\" rel=\"noreferrer noopener\">awm@shadowin.pl<\/a><\/p>\r\n\r\n\r\n\r\n<p>&nbsp;<\/p>\r\n","protected":false},"excerpt":{"rendered":"<p>KIELCE, ul. Ksi\u0119dza Piotra \u015aciegiennego 255A +48 662 222 555+48 41 34 00 630nica.design@shadowin.pl \u00a0 Artur Cz\u0142onkowski J\u0118DRZEJ\u00d3W 28-300, ul. Jasionka 56,S\u0118DZISZ\u00d3W 28-340, ul. Przemys\u0142owa 1PI\u0143CZ\u00d3W 28-400, ul. Batalion\u00f3w Ch\u0142opskich 35 +48 662 222 555+48 41 34 00 630artur.czlonkowski@shadowin.pl \u00a0 BIELICHA, 26-600, ul. \u017burawia 8 +48 791 523 882gizamet@shadowin.pl \u00a0 F.H.U. AWM Anna W\u00f3jcik-Ma\u0144ka BILCZA [&hellip;]<\/p>\n","protected":false},"author":2,"featured_media":0,"parent":0,"menu_order":0,"comment_status":"closed","ping_status":"closed","template":"","meta":{"_acf_changed":false,"inline_featured_image":false,"footnotes":""},"class_list":["post-2644","page","type-page","status-publish","hentry"],"acf":[],"_links":{"self":[{"href":"https:\/\/shadowin.pl\/en\/wp-json\/wp\/v2\/pages\/2644","targetHints":{"allow":["GET"]}}],"collection":[{"href":"https:\/\/shadowin.pl\/en\/wp-json\/wp\/v2\/pages"}],"about":[{"href":"https:\/\/shadowin.pl\/en\/wp-json\/wp\/v2\/types\/page"}],"author":[{"embeddable":true,"href":"https:\/\/shadowin.pl\/en\/wp-json\/wp\/v2\/users\/2"}],"replies":[{"embeddable":true,"href":"https:\/\/shadowin.pl\/en\/wp-json\/wp\/v2\/comments?post=2644"}],"version-history":[{"count":2,"href":"https:\/\/shadowin.pl\/en\/wp-json\/wp\/v2\/pages\/2644\/revisions"}],"predecessor-version":[{"id":2646,"href":"https:\/\/shadowin.pl\/en\/wp-json\/wp\/v2\/pages\/2644\/revisions\/2646"}],"wp:attachment":[{"href":"https:\/\/shadowin.pl\/en\/wp-json\/wp\/v2\/media?parent=2644"}],"curies":[{"name":"wp","href":"https:\/\/api.w.org\/{rel}","templated":true}]}}